{"id":4589,"date":"2020-05-25T13:53:02","date_gmt":"2020-05-25T19:53:02","guid":{"rendered":"https:\/\/kingastudios.com\/wall-art\/"},"modified":"2023-02-11T06:25:40","modified_gmt":"2023-02-11T13:25:40","slug":"wall-art","status":"publish","type":"page","link":"https:\/\/kingastudios.com\/pl\/galeria-scienna","title":{"rendered":"Galeria \u015acienna"},"content":{"rendered":"<h1 style=\"text-align: center;\">WYDRUK FINE ART<\/h1>\n<p style=\"text-align: center;\">Po latach sesji narzecze\u0144skiej lub \u015blubnej, kontaktuj\u0119 si\u0119 z moimi parami i zadaj\u0119 jedno pytanie: &nbsp; &nbsp; &nbsp; &nbsp; &nbsp; &nbsp;\u201eCo zrobili\u015bcie ze zdjeciami\u201d. Odpowied\u017a zazwyczaj wyglada &#8211;&gt; NIC.<\/p>\n<h2 style=\"text-align: center;\">&#8220;ROBIMY ZDJ\u0118CIA JAKO BILET POWROTNY DO CHWILI, KT\u00d3RA &nbsp;MIN\u0118\u0141A&#8221;<\/h2>\n<h2 style=\"text-align: center;\"><span style=\"font-weight: normal;\">&#8211; anonimowy &#8211;<\/span><\/h2>\n<p style=\"text-align: center;\"><span style=\"font-style: normal;\">Ka\u017cdy, kto ceni fotografi\u0119, rozumie warto\u015b\u0107 wydrukowanych zdj\u0119\u0107.Przez lata KINGA STUDIOS tworzy\u0142a portrety kt\u00f3re klienci wywiesili na \u015bcianach swoich dom\u00f3w. Ich jako\u015b\u0107 materia\u0142y klasy muzealnej produkowane we W\u0142oszech powoduje i\u017c bed\u0105 wytrwa\u0142e i wygl\u0105daly wy\u015bmienicie przez wiele lat.<\/span><\/p>\n<p style=\"text-align: center;\"><span style=\"font-style: normal;\">Materja\u0142y Fine Art posiada wyko\u0144czenie matowe (wi\u0119c \u015bwiato nie b\u0119dzie si\u0119 odbija\u0107), jest drukowane na sztywnym i wytrzyma\u0142ym papierze (wi\u0119c kt\u00f3ry w niezwyk\u0142y spos\u00f3b uwydatnia estetyczne walory fotografii.&nbsp;<\/span><\/p>\n<h4 style=\"text-align: center;\">PROCS<\/h4>\n<p style=\"text-align: center;\"><span style=\"font-style: normal;\">Wybra\u0107 odpowiedni\u0105 \u015bciane, odpowiednie zdj\u0119cie jak i odpowiedni rozmiaru mo\u017ce sprawi\u0107 k\u0142opot. Po wydrukowaniu stwierdzimy iz wybrali\u015bmy za ma\u0142y rozmiar lub z\u0142e zdj\u0119cie ale w KINGA STUDIOS poprowadzimy Ci\u0119 krok po kroku do stworzenia elementu \u015bciennego, kt\u00f3ry przyci\u0105gnie wzrok i wizualnie b\u0119dzie wygl\u0105da\u0107 wspaniale do Twojego wn\u0119trza.<\/span><\/p>\n<h4 style=\"text-align: center;\">1. WYBIERZ \u015aCIAN\u0118<\/h4>\n<p>Zr\u00f3b zdj\u0119cie \u015bcian\u0119 na kt\u00f3rej pragniesz powiesi\u0107 zdj\u0119cie z sesji fotograficznej.<\/p>\n<h4 style=\"text-align: center;\">2. WYBIERZ ZDJ\u0118CIE<\/h4>\n<p>Podczas naszej wsp\u00f3lnej konsultacji, wybierzemy odpowiednie zdj\u0119cie.<\/p>\n<h4 style=\"text-align: center;\">3. ZANIM WYDRUKUJESZ<\/h4>\n<p>Korzystaj\u0105c z najnowszego oprogramowania, poka\u017c\u0119 Ci jak b\u0119dzie wygl\u0105da\u0142 produkt ko\u0144cowy, aby upewni\u0107 si\u0119 i\u017c zdj\u0119cie jak i jego rozmiar pasuje idealnie do Twojego wn\u0119trza.<\/p>\n<h2>OUR GUARANTEE<\/h2>\n<p>Ka\u017cde zdj\u0119cie zam\u00f3wione przez Kinga Studios jest drukowane we W\u0142oszech i posiada certyfikat autentyczno\u015bci. Oznacza to, \u017ce r\u0119cznie wykonana grafika jest obj\u0119ta do\u017cywotni\u0105 gwarancj\u0105.<\/p>\n<p>W przypadku, gdy zdj\u0119cie wyblaknie, wystarczy wys\u0142a\u0107 do nas e-mail z numerem obrazu podanym na odwrocie grafiki. Nowe zostanie wydrukowane i bezp\u0142atnie dostarczone do domu.<span style=\"--tcb-applied-color: var$(--tcb-skin-color-0)  !important; color: var(--tcb-skin-color-0);\">Uwaga: Do tej pory \u017cadna grafika nie zosta\u0142a przedrukowana<\/span><\/p>\n<p><span><img decoding=\"async\" alt=\"\" data-id=\"2079\" width=\"540\" data-init-width=\"2400\" height=\"360\" data-init-height=\"1600\" title=\"Certificate_of_Authenticity_Kinga_Studios\" src=\"https:\/\/kingastudios.com\/wp-content\/uploads\/2020\/05\/Certificate_of_Authenticity_Kinga_Studios.jpg\" data-width=\"540\" data-height=\"360\" loading=\"lazy\"><\/span><\/p>\n<h2 style=\"text-align: center;\">INSPIRACJE<\/h2>\n<p style=\"text-align: center;\">Kliknij na dowolny obrazek poni\u017cej, aby powi\u0119kszy\u0107 zdj\u0119cie.<\/p>\n<p style=\"text-align: center;\"><div class=\"foogallery foogallery-container foogallery-masonry foogallery-lightbox-foobox fg-center fg-masonry fg-light fg-loading-partial fg-loaded-fade-in fg-hover-fade fg-hover-zoom2 fg-ready fg-col3\" id=\"foogallery-gallery-2054\" data-foogallery=\"{&quot;item&quot;:{&quot;showCaptionTitle&quot;:true,&quot;showCaptionDescription&quot;:true},&quot;lazy&quot;:true,&quot;state&quot;:{&quot;enabled&quot;:true,&quot;mask&quot;:&quot;foogallery-{id}&quot;}}\" >\r\n\t\t<div class=\"fg-column-width\"><\/div>\r\n\t<div class=\"fg-gutter-width\"><\/div>\r\n\t\t<div class=\"fg-item fg-type-image fg-idle\"><figure class=\"fg-item-inner\"><a href=\"https:\/\/kingastudios.com\/wp-content\/uploads\/2020\/05\/Living_Room_Wall_Art_iStock-1167055284_3-scaled.jpg\" data-attachment-id=\"4424\" data-type=\"image\" class=\"fg-thumb\"><span class=\"fg-image-wrap\"><img decoding=\"async\" width=\"200\" height=\"207\" class=\"skip-lazy fg-image\" data-src-fg=\"https:\/\/kingastudios.com\/wp-content\/uploads\/cache\/2020\/05\/Living_Room_Wall_Art_iStock-1167055284_3-scaled\/3707526620.jpg\" data-srcset-fg=\"https:\/\/kingastudios.com\/wp-content\/uploads\/cache\/2020\/05\/Living_Room_Wall_Art_iStock-1167055284_3-scaled\/3507049476.jpg 2x\" src=\"data:image\/svg+xml,%3Csvg%20xmlns%3D%22http%3A%2F%2Fwww.w3.org%2F2000%2Fsvg%22%20width%3D%22200%22%20height%3D%22207%22%20viewBox%3D%220%200%20200%20207%22%3E%3C%2Fsvg%3E\" loading=\"eager\"><\/span><span class=\"fg-image-overlay\"><\/span><\/a><figcaption class=\"fg-caption\"><div class=\"fg-caption-inner\"><\/div><\/figcaption><\/figure><div class=\"fg-loader\"><\/div><\/div><div class=\"fg-item fg-type-image fg-idle\"><figure class=\"fg-item-inner\"><a href=\"https:\/\/kingastudios.com\/wp-content\/uploads\/2020\/05\/Bedroom_Room_Wall_Art_KINGA_STUDIOS_3.jpg\" data-attachment-id=\"4420\" data-type=\"image\" class=\"fg-thumb\"><span class=\"fg-image-wrap\"><img decoding=\"async\" width=\"200\" height=\"133\" class=\"skip-lazy fg-image\" data-src-fg=\"https:\/\/kingastudios.com\/wp-content\/uploads\/cache\/2020\/05\/Bedroom_Room_Wall_Art_KINGA_STUDIOS_3\/1579057138.jpg\" data-srcset-fg=\"https:\/\/kingastudios.com\/wp-content\/uploads\/cache\/2020\/05\/Bedroom_Room_Wall_Art_KINGA_STUDIOS_3\/562375395.jpg 2x\" src=\"data:image\/svg+xml,%3Csvg%20xmlns%3D%22http%3A%2F%2Fwww.w3.org%2F2000%2Fsvg%22%20width%3D%22200%22%20height%3D%22133%22%20viewBox%3D%220%200%20200%20133%22%3E%3C%2Fsvg%3E\" loading=\"eager\"><\/span><span class=\"fg-image-overlay\"><\/span><\/a><figcaption class=\"fg-caption\"><div class=\"fg-caption-inner\"><\/div><\/figcaption><\/figure><div class=\"fg-loader\"><\/div><\/div><div class=\"fg-item fg-type-image fg-idle\"><figure class=\"fg-item-inner\"><a href=\"https:\/\/kingastudios.com\/wp-content\/uploads\/2020\/05\/Living_Room_Wall_Art_KINGA_STUDIOS_2-scaled.jpg\" data-attachment-id=\"4418\" data-type=\"image\" class=\"fg-thumb\"><span class=\"fg-image-wrap\"><img decoding=\"async\" width=\"200\" height=\"113\" class=\"skip-lazy fg-image\" data-src-fg=\"https:\/\/kingastudios.com\/wp-content\/uploads\/cache\/2020\/05\/Living_Room_Wall_Art_KINGA_STUDIOS_2-scaled\/2348022636.jpg\" data-srcset-fg=\"https:\/\/kingastudios.com\/wp-content\/uploads\/cache\/2020\/05\/Living_Room_Wall_Art_KINGA_STUDIOS_2-scaled\/2207470489.jpg 2x\" src=\"data:image\/svg+xml,%3Csvg%20xmlns%3D%22http%3A%2F%2Fwww.w3.org%2F2000%2Fsvg%22%20width%3D%22200%22%20height%3D%22113%22%20viewBox%3D%220%200%20200%20113%22%3E%3C%2Fsvg%3E\" loading=\"eager\"><\/span><span class=\"fg-image-overlay\"><\/span><\/a><figcaption class=\"fg-caption\"><div class=\"fg-caption-inner\"><\/div><\/figcaption><\/figure><div class=\"fg-loader\"><\/div><\/div><div class=\"fg-item fg-type-image fg-idle\"><figure class=\"fg-item-inner\"><a href=\"https:\/\/kingastudios.com\/wp-content\/uploads\/2020\/05\/Living_Room_Wall_Art_KINGA_STUDIOS_0-scaled.jpg\" data-attachment-id=\"4428\" data-type=\"image\" class=\"fg-thumb\"><span class=\"fg-image-wrap\"><img decoding=\"async\" width=\"200\" height=\"172\" class=\"skip-lazy fg-image\" data-src-fg=\"https:\/\/kingastudios.com\/wp-content\/uploads\/cache\/2020\/05\/Living_Room_Wall_Art_KINGA_STUDIOS_0-scaled\/3524908248.jpg\" data-srcset-fg=\"https:\/\/kingastudios.com\/wp-content\/uploads\/cache\/2020\/05\/Living_Room_Wall_Art_KINGA_STUDIOS_0-scaled\/3665394733.jpg 2x\" src=\"data:image\/svg+xml,%3Csvg%20xmlns%3D%22http%3A%2F%2Fwww.w3.org%2F2000%2Fsvg%22%20width%3D%22200%22%20height%3D%22172%22%20viewBox%3D%220%200%20200%20172%22%3E%3C%2Fsvg%3E\" loading=\"eager\"><\/span><span class=\"fg-image-overlay\"><\/span><\/a><figcaption class=\"fg-caption\"><div class=\"fg-caption-inner\"><\/div><\/figcaption><\/figure><div class=\"fg-loader\"><\/div><\/div><div class=\"fg-item fg-type-image fg-idle\"><figure class=\"fg-item-inner\"><a href=\"https:\/\/kingastudios.com\/wp-content\/uploads\/2020\/05\/Living_Room_KINGA_STUDIOS_Wall_Art_4-scaled.jpg\" data-attachment-id=\"4430\" data-type=\"image\" class=\"fg-thumb\"><span class=\"fg-image-wrap\"><img decoding=\"async\" width=\"200\" height=\"122\" class=\"skip-lazy fg-image\" data-src-fg=\"https:\/\/kingastudios.com\/wp-content\/uploads\/cache\/2020\/05\/Living_Room_KINGA_STUDIOS_Wall_Art_4-scaled\/2325387886.jpg\" data-srcset-fg=\"https:\/\/kingastudios.com\/wp-content\/uploads\/cache\/2020\/05\/Living_Room_KINGA_STUDIOS_Wall_Art_4-scaled\/2197435035.jpg 2x\" src=\"data:image\/svg+xml,%3Csvg%20xmlns%3D%22http%3A%2F%2Fwww.w3.org%2F2000%2Fsvg%22%20width%3D%22200%22%20height%3D%22122%22%20viewBox%3D%220%200%20200%20122%22%3E%3C%2Fsvg%3E\" loading=\"eager\"><\/span><span class=\"fg-image-overlay\"><\/span><\/a><figcaption class=\"fg-caption\"><div class=\"fg-caption-inner\"><\/div><\/figcaption><\/figure><div class=\"fg-loader\"><\/div><\/div><div class=\"fg-item fg-type-image fg-idle\"><figure class=\"fg-item-inner\"><a href=\"https:\/\/kingastudios.com\/wp-content\/uploads\/2020\/05\/Office_Wall_Art_KINGA_STUDIOS-scaled.jpg\" data-attachment-id=\"4436\" data-type=\"image\" class=\"fg-thumb\"><span class=\"fg-image-wrap\"><img decoding=\"async\" width=\"200\" height=\"197\" class=\"skip-lazy fg-image\" data-src-fg=\"https:\/\/kingastudios.com\/wp-content\/uploads\/cache\/2020\/05\/Office_Wall_Art_KINGA_STUDIOS-scaled\/2340509577.jpg\" data-srcset-fg=\"https:\/\/kingastudios.com\/wp-content\/uploads\/cache\/2020\/05\/Office_Wall_Art_KINGA_STUDIOS-scaled\/2061106629.jpg 2x\" src=\"data:image\/svg+xml,%3Csvg%20xmlns%3D%22http%3A%2F%2Fwww.w3.org%2F2000%2Fsvg%22%20width%3D%22200%22%20height%3D%22197%22%20viewBox%3D%220%200%20200%20197%22%3E%3C%2Fsvg%3E\" loading=\"eager\"><\/span><span class=\"fg-image-overlay\"><\/span><\/a><figcaption class=\"fg-caption\"><div class=\"fg-caption-inner\"><\/div><\/figcaption><\/figure><div class=\"fg-loader\"><\/div><\/div><div class=\"fg-item fg-type-image fg-idle\"><figure class=\"fg-item-inner\"><a href=\"https:\/\/kingastudios.com\/wp-content\/uploads\/2020\/05\/Living_Room_Wall_Art_0.jpg\" data-attachment-id=\"4426\" data-type=\"image\" class=\"fg-thumb\"><span class=\"fg-image-wrap\"><img decoding=\"async\" width=\"200\" height=\"222\" class=\"skip-lazy fg-image\" data-src-fg=\"https:\/\/kingastudios.com\/wp-content\/uploads\/cache\/2020\/05\/Living_Room_Wall_Art_0\/2717901623.jpg\" data-srcset-fg=\"https:\/\/kingastudios.com\/wp-content\/uploads\/cache\/2020\/05\/Living_Room_Wall_Art_0\/747959517.jpg 2x\" src=\"data:image\/svg+xml,%3Csvg%20xmlns%3D%22http%3A%2F%2Fwww.w3.org%2F2000%2Fsvg%22%20width%3D%22200%22%20height%3D%22222%22%20viewBox%3D%220%200%20200%20222%22%3E%3C%2Fsvg%3E\" loading=\"eager\"><\/span><span class=\"fg-image-overlay\"><\/span><\/a><figcaption class=\"fg-caption\"><div class=\"fg-caption-inner\"><\/div><\/figcaption><\/figure><div class=\"fg-loader\"><\/div><\/div><div class=\"fg-item fg-type-image fg-idle\"><figure class=\"fg-item-inner\"><a href=\"https:\/\/kingastudios.com\/wp-content\/uploads\/2020\/05\/Bedroom_Room_Wall_Art_KINGA_STUDIOS_1-scaled.jpg\" data-attachment-id=\"4422\" data-type=\"image\" class=\"fg-thumb\"><span class=\"fg-image-wrap\"><img decoding=\"async\" width=\"200\" height=\"113\" class=\"skip-lazy fg-image\" data-src-fg=\"https:\/\/kingastudios.com\/wp-content\/uploads\/cache\/2020\/05\/Bedroom_Room_Wall_Art_KINGA_STUDIOS_1-scaled\/4224301907.jpg\" data-srcset-fg=\"https:\/\/kingastudios.com\/wp-content\/uploads\/cache\/2020\/05\/Bedroom_Room_Wall_Art_KINGA_STUDIOS_1-scaled\/907468136.jpg 2x\" src=\"data:image\/svg+xml,%3Csvg%20xmlns%3D%22http%3A%2F%2Fwww.w3.org%2F2000%2Fsvg%22%20width%3D%22200%22%20height%3D%22113%22%20viewBox%3D%220%200%20200%20113%22%3E%3C%2Fsvg%3E\" loading=\"eager\"><\/span><span class=\"fg-image-overlay\"><\/span><\/a><figcaption class=\"fg-caption\"><div class=\"fg-caption-inner\"><\/div><\/figcaption><\/figure><div class=\"fg-loader\"><\/div><\/div><\/div><\/p>\n<p>PREZENT DLA CIEBIE<\/p>\n<h2>300 Z\u0141 VOUCHER<\/h2>\n<p style=\"color: rgba(255, 255, 255, 0.8) !important; --tcb-applied-color:rgba(255, 255, 255, 0.8)  !important;\">Podczas konsultacji w sprawie sesji narzecze\u0144skiej lub kolekcji fotografii \u015blubnej wspomnij s\u0142owo: WALL ART, aby otrzyma\u0107 kupon o warto\u015bci 300 z\u0142 na wybran\u0105 sztuk\u0119 \u015bcienn\u0105 lub kliknij przycisk poni\u017cej, aby go odebra\u0107.<\/p>\n","protected":false},"excerpt":{"rendered":"<p>WYDRUK FINE ART Po latach sesji narzecze\u0144skiej lub \u015blubnej, kontaktuj\u0119 si\u0119 z moimi parami i zadaj\u0119 jedno pytanie: &nbsp; &nbsp; &nbsp; &nbsp; &nbsp; &nbsp;\u201eCo zrobili\u015bcie ze zdjeciami\u201d. Odpowied\u017a zazwyczaj wyglada &#8211;&gt; NIC. &#8220;ROBIMY ZDJ\u0118CIA JAKO BILET POWROTNY DO CHWILI, KT\u00d3RA &nbsp;MIN\u0118\u0141A&#8221; &#8211; anonimowy &#8211; Ka\u017cdy, kto ceni fotografi\u0119, rozumie warto\u015b\u0107 wydrukowanych zdj\u0119\u0107.Przez lata KINGA STUDIOS [&hellip;]<\/p>\n","protected":false},"author":5,"featured_media":0,"parent":0,"menu_order":0,"comment_status":"closed","ping_status":"closed","template":"","meta":{"footnotes":""},"class_list":["post-4589","page","type-page","status-publish","hentry","post-wrapper","thrv_wrapper"],"yoast_head":"<!-- This site is optimized with the Yoast SEO plugin v25.4 - https:\/\/yoast.com\/wordpress\/plugins\/seo\/ -->\n<title>Inspirational Design Ideas For Your Engagement Photographs<\/title>\n<meta name=\"description\" content=\"Don&#039;t let your wedding or engagement photos sit on a hard drive collecting dust! Receive a $100 Voucher towards a Wall Art piece of your choice\" class=\"yoast-seo-meta-tag\" \/>\n<meta name=\"robots\" content=\"index, follow, max-snippet:-1, max-image-preview:large, max-video-preview:-1\" \/>\n<link rel=\"canonical\" href=\"https:\/\/kingastudios.com\/pl\/galeria-scienna\/\" class=\"yoast-seo-meta-tag\" \/>\n<meta property=\"og:locale\" content=\"pl_PL\" class=\"yoast-seo-meta-tag\" \/>\n<meta property=\"og:type\" content=\"article\" class=\"yoast-seo-meta-tag\" \/>\n<meta property=\"og:title\" content=\"Inspirational Design Ideas For Your Engagement Photographs\" class=\"yoast-seo-meta-tag\" \/>\n<meta property=\"og:description\" content=\"Don&#039;t let your wedding or engagement photos sit on a hard drive collecting dust! Receive a $100 Voucher towards a Wall Art piece of your choice\" class=\"yoast-seo-meta-tag\" \/>\n<meta property=\"og:url\" content=\"https:\/\/kingastudios.com\/pl\/galeria-scienna\" class=\"yoast-seo-meta-tag\" \/>\n<meta property=\"og:site_name\" content=\"Kinga Studios - Wedding Photographer\" class=\"yoast-seo-meta-tag\" \/>\n<meta property=\"article:publisher\" content=\"https:\/\/www.facebook.com\/kingastudios\" class=\"yoast-seo-meta-tag\" \/>\n<meta property=\"article:modified_time\" content=\"2023-02-11T13:25:40+00:00\" class=\"yoast-seo-meta-tag\" \/>\n<meta property=\"og:image\" content=\"https:\/\/kingastudios.com\/wp-content\/uploads\/2020\/05\/Certificate_of_Authenticity_Kinga_Studios.jpg\" class=\"yoast-seo-meta-tag\" \/>\n<meta name=\"twitter:card\" content=\"summary_large_image\" class=\"yoast-seo-meta-tag\" \/>\n<meta name=\"twitter:label1\" content=\"Szacowany czas czytania\" class=\"yoast-seo-meta-tag\" \/>\n\t<meta name=\"twitter:data1\" content=\"2 minuty\" class=\"yoast-seo-meta-tag\" \/>\n<script type=\"application\/ld+json\" class=\"yoast-schema-graph\">{\"@context\":\"https:\/\/schema.org\",\"@graph\":[{\"@type\":\"WebPage\",\"@id\":\"https:\/\/kingastudios.com\/pl\/galeria-scienna\",\"url\":\"https:\/\/kingastudios.com\/pl\/galeria-scienna\",\"name\":\"Inspirational Design Ideas For Your Engagement Photographs\",\"isPartOf\":{\"@id\":\"https:\/\/kingastudios.com\/pl\/#website\"},\"primaryImageOfPage\":{\"@id\":\"https:\/\/kingastudios.com\/pl\/galeria-scienna#primaryimage\"},\"image\":{\"@id\":\"https:\/\/kingastudios.com\/pl\/galeria-scienna#primaryimage\"},\"thumbnailUrl\":\"https:\/\/kingastudios.com\/wp-content\/uploads\/2020\/05\/Certificate_of_Authenticity_Kinga_Studios.jpg\",\"datePublished\":\"2020-05-25T19:53:02+00:00\",\"dateModified\":\"2023-02-11T13:25:40+00:00\",\"description\":\"Don't let your wedding or engagement photos sit on a hard drive collecting dust! Receive a $100 Voucher towards a Wall Art piece of your choice\",\"breadcrumb\":{\"@id\":\"https:\/\/kingastudios.com\/pl\/galeria-scienna#breadcrumb\"},\"inLanguage\":\"pl-PL\",\"potentialAction\":[{\"@type\":\"ReadAction\",\"target\":[\"https:\/\/kingastudios.com\/pl\/galeria-scienna\"]}]},{\"@type\":\"ImageObject\",\"inLanguage\":\"pl-PL\",\"@id\":\"https:\/\/kingastudios.com\/pl\/galeria-scienna#primaryimage\",\"url\":\"https:\/\/kingastudios.com\/wp-content\/uploads\/2020\/05\/Certificate_of_Authenticity_Kinga_Studios.jpg\",\"contentUrl\":\"https:\/\/kingastudios.com\/wp-content\/uploads\/2020\/05\/Certificate_of_Authenticity_Kinga_Studios.jpg\"},{\"@type\":\"BreadcrumbList\",\"@id\":\"https:\/\/kingastudios.com\/pl\/galeria-scienna#breadcrumb\",\"itemListElement\":[{\"@type\":\"ListItem\",\"position\":1,\"name\":\"Home\",\"item\":\"https:\/\/kingastudios.com\/pl\/\"},{\"@type\":\"ListItem\",\"position\":2,\"name\":\"Galeria \u015acienna\"}]},{\"@type\":\"WebSite\",\"@id\":\"https:\/\/kingastudios.com\/pl\/#website\",\"url\":\"https:\/\/kingastudios.com\/pl\/\",\"name\":\"Kinga Studios - Wedding Photographer\",\"description\":\"Photos that capture the moments, emotions, and loved people in your life\",\"publisher\":{\"@id\":\"https:\/\/kingastudios.com\/pl\/#organization\"},\"potentialAction\":[{\"@type\":\"SearchAction\",\"target\":{\"@type\":\"EntryPoint\",\"urlTemplate\":\"https:\/\/kingastudios.com\/pl\/?s={search_term_string}\"},\"query-input\":{\"@type\":\"PropertyValueSpecification\",\"valueRequired\":true,\"valueName\":\"search_term_string\"}}],\"inLanguage\":\"pl-PL\"},{\"@type\":\"Organization\",\"@id\":\"https:\/\/kingastudios.com\/pl\/#organization\",\"name\":\"Kinga Studios\",\"url\":\"https:\/\/kingastudios.com\/pl\/\",\"logo\":{\"@type\":\"ImageObject\",\"inLanguage\":\"pl-PL\",\"@id\":\"https:\/\/kingastudios.com\/pl\/#\/schema\/logo\/image\/\",\"url\":\"https:\/\/kingastudios.com\/wp-content\/uploads\/2017\/11\/KS_Logo_2.png\",\"contentUrl\":\"https:\/\/kingastudios.com\/wp-content\/uploads\/2017\/11\/KS_Logo_2.png\",\"width\":2679,\"height\":2646,\"caption\":\"Kinga Studios\"},\"image\":{\"@id\":\"https:\/\/kingastudios.com\/pl\/#\/schema\/logo\/image\/\"},\"sameAs\":[\"https:\/\/www.facebook.com\/kingastudios\",\"https:\/\/www.instagram.com\/kingastudios\/\",\"https:\/\/www.youtube.com\/channel\/UCYmQ_1AxPtiI0mAqjaETXLg\"]}]}<\/script>\n<!-- \/ Yoast SEO plugin. -->","yoast_head_json":{"title":"Inspirational Design Ideas For Your Engagement Photographs","description":"Don't let your wedding or engagement photos sit on a hard drive collecting dust! Receive a $100 Voucher towards a Wall Art piece of your choice","robots":{"index":"index","follow":"follow","max-snippet":"max-snippet:-1","max-image-preview":"max-image-preview:large","max-video-preview":"max-video-preview:-1"},"canonical":"https:\/\/kingastudios.com\/pl\/galeria-scienna\/","og_locale":"pl_PL","og_type":"article","og_title":"Inspirational Design Ideas For Your Engagement Photographs","og_description":"Don't let your wedding or engagement photos sit on a hard drive collecting dust! Receive a $100 Voucher towards a Wall Art piece of your choice","og_url":"https:\/\/kingastudios.com\/pl\/galeria-scienna","og_site_name":"Kinga Studios - Wedding Photographer","article_publisher":"https:\/\/www.facebook.com\/kingastudios","article_modified_time":"2023-02-11T13:25:40+00:00","og_image":[{"url":"https:\/\/kingastudios.com\/wp-content\/uploads\/2020\/05\/Certificate_of_Authenticity_Kinga_Studios.jpg","type":"","width":"","height":""}],"twitter_card":"summary_large_image","twitter_misc":{"Szacowany czas czytania":"2 minuty"},"schema":{"@context":"https:\/\/schema.org","@graph":[{"@type":"WebPage","@id":"https:\/\/kingastudios.com\/pl\/galeria-scienna","url":"https:\/\/kingastudios.com\/pl\/galeria-scienna","name":"Inspirational Design Ideas For Your Engagement Photographs","isPartOf":{"@id":"https:\/\/kingastudios.com\/pl\/#website"},"primaryImageOfPage":{"@id":"https:\/\/kingastudios.com\/pl\/galeria-scienna#primaryimage"},"image":{"@id":"https:\/\/kingastudios.com\/pl\/galeria-scienna#primaryimage"},"thumbnailUrl":"https:\/\/kingastudios.com\/wp-content\/uploads\/2020\/05\/Certificate_of_Authenticity_Kinga_Studios.jpg","datePublished":"2020-05-25T19:53:02+00:00","dateModified":"2023-02-11T13:25:40+00:00","description":"Don't let your wedding or engagement photos sit on a hard drive collecting dust! Receive a $100 Voucher towards a Wall Art piece of your choice","breadcrumb":{"@id":"https:\/\/kingastudios.com\/pl\/galeria-scienna#breadcrumb"},"inLanguage":"pl-PL","potentialAction":[{"@type":"ReadAction","target":["https:\/\/kingastudios.com\/pl\/galeria-scienna"]}]},{"@type":"ImageObject","inLanguage":"pl-PL","@id":"https:\/\/kingastudios.com\/pl\/galeria-scienna#primaryimage","url":"https:\/\/kingastudios.com\/wp-content\/uploads\/2020\/05\/Certificate_of_Authenticity_Kinga_Studios.jpg","contentUrl":"https:\/\/kingastudios.com\/wp-content\/uploads\/2020\/05\/Certificate_of_Authenticity_Kinga_Studios.jpg"},{"@type":"BreadcrumbList","@id":"https:\/\/kingastudios.com\/pl\/galeria-scienna#breadcrumb","itemListElement":[{"@type":"ListItem","position":1,"name":"Home","item":"https:\/\/kingastudios.com\/pl\/"},{"@type":"ListItem","position":2,"name":"Galeria \u015acienna"}]},{"@type":"WebSite","@id":"https:\/\/kingastudios.com\/pl\/#website","url":"https:\/\/kingastudios.com\/pl\/","name":"Kinga Studios - Wedding Photographer","description":"Photos that capture the moments, emotions, and loved people in your life","publisher":{"@id":"https:\/\/kingastudios.com\/pl\/#organization"},"potentialAction":[{"@type":"SearchAction","target":{"@type":"EntryPoint","urlTemplate":"https:\/\/kingastudios.com\/pl\/?s={search_term_string}"},"query-input":{"@type":"PropertyValueSpecification","valueRequired":true,"valueName":"search_term_string"}}],"inLanguage":"pl-PL"},{"@type":"Organization","@id":"https:\/\/kingastudios.com\/pl\/#organization","name":"Kinga Studios","url":"https:\/\/kingastudios.com\/pl\/","logo":{"@type":"ImageObject","inLanguage":"pl-PL","@id":"https:\/\/kingastudios.com\/pl\/#\/schema\/logo\/image\/","url":"https:\/\/kingastudios.com\/wp-content\/uploads\/2017\/11\/KS_Logo_2.png","contentUrl":"https:\/\/kingastudios.com\/wp-content\/uploads\/2017\/11\/KS_Logo_2.png","width":2679,"height":2646,"caption":"Kinga Studios"},"image":{"@id":"https:\/\/kingastudios.com\/pl\/#\/schema\/logo\/image\/"},"sameAs":["https:\/\/www.facebook.com\/kingastudios","https:\/\/www.instagram.com\/kingastudios\/","https:\/\/www.youtube.com\/channel\/UCYmQ_1AxPtiI0mAqjaETXLg"]}]}},"_links":{"self":[{"href":"https:\/\/kingastudios.com\/pl\/wp-json\/wp\/v2\/pages\/4589","targetHints":{"allow":["GET"]}}],"collection":[{"href":"https:\/\/kingastudios.com\/pl\/wp-json\/wp\/v2\/pages"}],"about":[{"href":"https:\/\/kingastudios.com\/pl\/wp-json\/wp\/v2\/types\/page"}],"author":[{"embeddable":true,"href":"https:\/\/kingastudios.com\/pl\/wp-json\/wp\/v2\/users\/5"}],"replies":[{"embeddable":true,"href":"https:\/\/kingastudios.com\/pl\/wp-json\/wp\/v2\/comments?post=4589"}],"version-history":[{"count":0,"href":"https:\/\/kingastudios.com\/pl\/wp-json\/wp\/v2\/pages\/4589\/revisions"}],"wp:attachment":[{"href":"https:\/\/kingastudios.com\/pl\/wp-json\/wp\/v2\/media?parent=4589"}],"curies":[{"name":"wp","href":"https:\/\/api.w.org\/{rel}","templated":true}]}}