{"id":4610,"date":"2020-05-14T15:34:42","date_gmt":"2020-05-14T21:34:42","guid":{"rendered":"https:\/\/kingastudios.com\/about\/"},"modified":"2023-02-10T02:40:38","modified_gmt":"2023-02-10T09:40:38","slug":"about","status":"publish","type":"page","link":"https:\/\/kingastudios.com\/pl\/o-mnie","title":{"rendered":"O Mnie"},"content":{"rendered":"<h1>o mnie &#8211; KINGA STUDIOS<\/h1>\n<p>_______<\/p>\n<p style=\"\">Zapraszam do mojej historii&#8230;<\/p>\n<p style=\"text-align: center;\"><strong>OPOWIE\u015a\u0106<\/strong><\/p>\n<h2 style=\"text-align: center;\">DO KA\u017bDEJ KOLEKCJIZ ZDJ\u0118\u0106 \u015aLUBNYCH DO\u0141\u0104CZAMY ALBUM GRATIS<\/h2>\n<p>Album \u015blubny moich rodzic\u00f3w by\u0142 manifestem mojej kariery fotograficznej. Brzmi szalenie, ale tak by\u0142o&#8230;Pobrali si\u0119 w styczniu. W tym okresie, pary nie przywi\u0105zywa\u0142y tak\u0105 warto\u015b\u0107 na zdj\u0119cia \u015blube jak w dniu dzisiejszym. Od fotografa pare otrzyma\u0142y pare zdj\u0119\u0107 ze studju a wi\u0119kszo\u015b\u0107 zdj\u0119\u0107 fotoreporta\u017cu wy\u0142\u0105dowa\u0142y we \u015bmieciach. M\u00f3j ojciec wynaj\u0105\u0142 fotografa na ca\u0142y dzie\u0144. Oczywi\u015bcie wszyscy my\u015bleli, \u017ce zwariowa\u0142 i \u017ce to ogromna strata pieni\u0119dzy. W moich dziecicych oczach, wygl\u0105da\u0142o to inaczej.&nbsp; a na dodatek kupi\u0142 pi\u0119kny album 10&#215;10.Jestem naprawd\u0119 wdzi\u0119czna, \u017ce to zrobi\u0142.W moich oczach jako dziecko by\u0142a to moja ulubiona \u201eksi\u0105\u017cka\u201d i uwielbia\u0142em zatraca\u0107 si\u0119 w magii dnia ich \u015blubu.Zosta\u0142am fotografem, poniewa\u017c pragn\u0119 stworzy\u0107 pi\u0119kne i niezapomniane zdj\u0119cia dla moich klient\u00f3w.To niesamowite uczucie wiedzie\u0107, \u017ce historia \u015blubu moich klient\u00f3w jest na zawsze opamitana przy pomocy album\u00f3w. Dzi\u0119ki czemu mog\u0105 wr\u00f3ci\u0107 w dowolnym momencie i prze\u017cy\u0107 dzie\u0144 \u015blubu na nowo i podzieli si\u0119 tym z przysz\u0142ymi pokoleniami.Dlatego w KINGA STUDIOS do ka\u017cdej kolekcji \u015blubnej do\u0142\u0105czam album gratis.<\/p>\n<p>Pocz\u0105tkowo, jak ka\u017cdy inny fotograf w mie\u015bcie, uporz\u0105dkowa\u0142em swoje kolekcje \u015blubne z opcjami 6, 8 lub 10 godzin (odpowiednio) i zarabia\u0142em dodatkowe pieni\u0105dze, rozliczaj\u0105c nadgodziny. Maj\u0105c ograniczenia czasowe, nie mog\u0142em by\u0107 kreatywny ani dostarcza\u0107 unikalnych zdj\u0119\u0107, poniewa\u017c panny m\u0142ode nieustannie naciska\u0142y na mnie, abym si\u0119 po\u015bpieszy\u0142.Szale\u0144stwo musia\u0142o si\u0119 sko\u0144czy\u0107&#8230;Zmieni\u0142em wi\u0119c ca\u0142y m\u00f3j model biznesowy i ca\u0142kowicie usun\u0105\u0142em 6-8-10 godzin z moich kolekcji \u015blubnych. Je\u015bli sfotografowanie Waszego \u015blubu zajmie nam 12 godzin, niech tak b\u0119dzie!Dzi\u015b moi klienci mog\u0105 cieszy\u0107 si\u0119 ka\u017cd\u0105 chwil\u0105 swojego \u015blubu, podczas gdy ja tworz\u0119 pi\u0119kne zdj\u0119cia; nikt nie jest zestresowany czasem i nikt te\u017c nie otrzymuje ogromnej faktury za nadgodziny.W rzeczywisto\u015bci sp\u0119dzi\u0142em ponad 10 lat na udoskonalaniu Ultimate Free Stress Photographic Experience zawartego w dowolnej z naszych trzech kolekcji fotografii \u015blubnej, aby sprosta\u0107 wszelkim potrzebom narzeczonych i bud\u017cetowi.Oczywi\u015bcie jest rzecz\u0105 oczywist\u0105, \u017ce wszystkie nasze kolekcje fotografii \u015blubnej zawieraj\u0105 luksusowy album \u015blubny, kt\u00f3ry pozwoli zachowa\u0107 wspomnienia ze \u015blubu na zawsze.<\/p>\n<h3 style=\"text-align: center;\">KINGA STUDIOS <em>KIDS<\/em><\/h3>\n<p>Oto kilka zdj\u0119\u0107 by\u0142ych klient\u00f3w, kt\u00f3rzy przegl\u0105daj\u0105 pami\u0105tke \u015blubn\u0105 ze swoimi dzie\u0107mi.Ciekawe czy kt\u00f3ry\u015b z nich zainspiruje si\u0119 do zostania fotografem \ud83d\ude42<\/p>\n<p><span><img decoding=\"async\" alt=\"\" data-id=\"2208\" width=\"290\" data-init-width=\"2560\" height=\"217\" data-init-height=\"1920\" title=\"Printed_work_KINGA_STUDIOS\" src=\"https:\/\/kingastudios.com\/wp-content\/uploads\/2020\/06\/Printed_work_KINGA_STUDIOS-scaled.jpg\" data-width=\"290\" data-height=\"217\" loading=\"lazy\"><\/span><span><img decoding=\"async\" alt=\"\" data-id=\"2276\" width=\"290\" data-init-width=\"2560\" height=\"193\" data-init-height=\"1707\" title=\"\" src=\"https:\/\/kingastudios.com\/wp-content\/uploads\/2021\/01\/Kinga_Studios_Testimonial_Kids_Albums-scaled.jpg\" data-width=\"290\" data-height=\"193\" style=\"\" loading=\"lazy\"><\/span><\/p>\n<h2 style=\"text-align: center;\">wyr\u00f3\u017cnienie<\/h2>\n<p style=\"text-align: center;\">KINGA STUDIOS to wielokrotnie nagradzane studio fotograficzne.<\/p>\n<p><span style=\"\"><img decoding=\"async\" alt=\"\" data-id=\"1885\" width=\"251\" height=\"185\" title=\"Jerry_Ghionis_Workshop_Kinga_Studios\" src=\"https:\/\/kingastudios.com\/wp-content\/uploads\/2020\/05\/Jerry_Ghionis_Workshop_Kinga_Studios.jpg\" style=\"\" mt-d=\"0\" mt-t=\"-66\" ml-d=\"-3\" center-h-d=\"false\" ml-m=\"0\" mt-m=\"-1\" center-v-m=\"false\" data-width=\"251\" data-height=\"185\" data-init-width=\"692\" data-init-height=\"510\" loading=\"lazy\"><\/span><\/p>\n<h2><strong>HIGHEST PRAISE<\/strong><\/h2>\n<p>This image was taken at the Jerry Ghionis workshop. We needed to submit one image for critique showcasing our new skills &amp; this was mine. Jerry&#8217;s comments uplifted my confidence.<\/p>\n<\/p>\n<p>My highest praise to date.<\/p>\n<p><span style=\"\"><img decoding=\"async\" alt=\"\" data-id=\"1886\" width=\"251\" height=\"185\" title=\"Professional_Photographers_of_Canada_Award\" src=\"https:\/\/kingastudios.com\/wp-content\/uploads\/2020\/05\/Professional_Photographers_of_Canada_Award.jpg\" style=\"\" mt-d=\"0\" mt-t=\"-66\" ml-d=\"-3\" center-h-d=\"false\" ml-m=\"0\" mt-m=\"-1\" center-v-m=\"false\" data-width=\"251\" data-height=\"185\" data-init-width=\"692\" data-init-height=\"510\" loading=\"lazy\"><\/span><\/p>\n<h2><strong>BEST IN CLASS: WEDDING PHOTOJOURNALISM<\/strong><\/h2>\n<p>Najlepszy w kategorii fotoreporta\u017cu \u015blubnego.<\/p>\n<p><span style=\"\"><img decoding=\"async\" alt=\"\" data-id=\"1884\" width=\"251\" height=\"185\" title=\"Best-Vernon-Photographer-Award_KINGA_STUDIOS\" src=\"https:\/\/kingastudios.com\/wp-content\/uploads\/2020\/05\/Best-Vernon-Photographer-Award_KINGA_STUDIOS.jpg\" style=\"\" mt-d=\"0\" mt-t=\"-66\" ml-d=\"-3\" center-h-d=\"false\" ml-m=\"0\" mt-m=\"-1\" center-v-m=\"false\" data-width=\"251\" data-height=\"185\" data-init-width=\"692\" data-init-height=\"510\" loading=\"lazy\"><\/span><\/p>\n<h2><strong>BEST VERNON PHOTOGRAPHER<\/strong><\/h2>\n<p>Brides Choice dla najlepszego fotografa Vernon, Kanada.<\/p>\n<h2 style=\"text-align: center;\">JAKIE JEST NAJWA\u017bNIEJSZE ZDJ\u0118CIE, KT\u00d3RE POSIADASZ?<\/h2>\n<p><span><img decoding=\"async\" alt=\"\" data-id=\"1973\" width=\"1080\" data-init-width=\"2560\" height=\"740\" data-init-height=\"1754\" title=\"Whats_Your_Most_Important_Photograph\" src=\"https:\/\/kingastudios.com\/wp-content\/uploads\/2020\/05\/Whats_Your_Most_Important_Photograph-scaled.jpg\" data-width=\"1080\" data-height=\"740\" loading=\"lazy\"><\/span><\/p>\n<h4><span style=\"font-style: normal;\">M\u00d3J TATA WE W\u0141OSZECH (OKO\u0141O 1986)<\/span><\/h4>\n<p>To by\u0142 m\u00f3j pierwszy portret kt\u00f3ry sfotografowa\u0142am \u2026 Mia\u0142am 6 lat.<\/p>\n<p>W ci\u0105gu dnia zauwa\u017cy\u0142am \u017ce tata z\u0142apa\u0142 aparat w pach\u0119 i wychodzi\u0142 z domu. Co oznacza\u0142o tylko jedo: &#8220;Spacer Fotograficzny&#8221;. Kiedy towarzyszy\u0142am, zda\u017ca\u0142a sie okazja na u\u017cycie aparatu i zrobi\u0107 zdj\u0119cie (lub dwa) pod nadzorem taty. \u017buci\u0142am lalki i pobie\u0142am za nim.Zrobili\u015bmy sobie przerw\u0119, na wierzy w Cuppra Marrittima. Trzyma\u0142am aparat w r\u0119ce. Instynkt podpowiada\u0142 aby zrobi\u0107 zdj\u0119cie, pomimo \u017ce nie patrzy\u0142 w obiektyw. Pami\u0119tam, uczycie lekkiego strachu. <em>Pstryk.<\/em><\/p>\n<p>Tu\u017c po by\u0142 opciach: &#8220;Kinia, tyle razy Ci m\u00f3wi\u0142em, musisz komu\u015b powiedzie\u0107 \u017ce robisz zdj\u0119cie. Zmarnowa\u0142a\u015b klisze.&#8221;Ale, po latach przyzna\u0142, jak bardzo mu si\u0119 podoba to zdj\u0119cie.M\u00f3j tata zmar\u0142 w 2018 roku.<\/p>\n<p style=\"text-align: center;\"><strong>EDUKACJA FOTOGRAFICZNA<\/strong><\/p>\n<h2 style=\"text-align: center;\">WARSZTATY<\/h2>\n<p style=\"text-align: center;\">M\u00f3j dziadek sprzeda\u0142 sw\u00f3j motor, i kupi\u0142 aparat. M\u00f3j tata kontunuowa\u0142 pasje fotograficzn\u0105. To wzbudzi\u0142o moje zainteresowanie wi\u0119c przekaza\u0142 mi wszystkiego co wiedzia\u0142. To by\u0142 niesamowity pocz\u0105tek mojej kariery fotograficznej, ale potrzebowa\u0142em czego\u015b wi\u0119cej.Studja fotograficzne nie oferowa\u0142y tego, co szuka\u0142am wi\u0119c aktywnie bior\u0119 udzia\u0142 w warsztatach. Bior\u0119 kursy od najlepszych fotograf\u00f3w na \u015bwiecie. Edukacja nigdy si\u0119 nie ko\u0144czy. W rzeczywisto\u015bci zobowi\u0105zuj\u0119 si\u0119 do robienia jednego co kilka lat, aby nad\u0105\u017cy\u0107 za najnowszymi trendami.Dzi\u0119kuj\u0119 wszystkim fotografom, kt\u00f3rzy pomogli mi na mojej drodze.<\/p>\n<h3>JERRY GHIONIS<\/h3>\n<p>Ten tygodniowy warsztat w Vancouver, Kanada by\u0142y jednem z NAJLEPSZYCH warsztat\u00f3w fotograficznych, na kt\u00f3ry bra\u0142am udzia\u0142.Ten cz\u0142owiek zmieni\u0142 moje \u017cycie i jedyne czego \u017ca\u0142uj\u0119, to \u017ce czeka\u0142am za d\u0142ugo, aby si\u0119 zapisa\u0107.<\/p>\n<h3>TWO MANn<\/h3>\n<p>Warsztaty \u201eBalls Out\u201d w Canmore, Kanada by\u0142y nie z tej zmiemi.Nauczy\u0142 mnie my\u015ble\u0107 nieszablonowo, wyj\u015b\u0107 z fery komfortu aby wy\u0142apa\u0107 niebotyczn\u0105 chwile &nbsp;i pom\u00f3g\u0142 mi zrestrukturyzowa\u0107 ca\u0142e do\u015bwiadczenie dla moich klientem.Ten warsztat by\u0142 niebotyczny i przekraczy\u0142 wszelskie oczekiwania.<\/p>\n<h3>SCOTT ROBERT LIM<\/h3>\n<p>Japonio nadchodz\u0119! Sam lot kosztowa\u0142 oko\u0142o $5,000 (hotel, posi\u0142ki i sam kurs by\u0142y dodatkowe, ale warte ka\u017cdego grosza!)Scott by\u0142 najlepszym nauczycielem \u201eoff-camera flash\u201d. Wtedy by\u0142a to dla mnie czarna magia i nie mia\u0142am poj\u0119cia, od czego zacz\u0105\u0107.Na zdj\u0119ciu obok, rozmawia\u0142am ze Scott jak przej\u015bciu z korpo do pe\u0142noetatowego fotografa. Wci\u0105\u017c pami\u0119tam wszystko, co powiedzia\u0142&#8230;<\/p>\n<p>A korpo zostawi\u0142am ju\u017c dawno temu.<\/p>\n<h3>MATTHEW JORDAN SMITH<\/h3>\n<p>Lista celebryt\u00f3w, kt\u00f3rych sfotografowa\u0142 Matthew, jest tak d\u0142uga, \u017ce siedzieliby\u015bmy tu przez dwa tygodnie, wymieniaj\u0105c wszystkich.Je\u015bli kiedykolwiek pytam ci\u0119 o tw\u00f3j ulubiony kolor, to z powodu tego faceta.<\/p>\n<h2><span style=\"font-weight: normal;\">SKORO POZNA\u0141A\u015a MOJA HISTORI\u0118 CZAS ABY STW\u00d3RZ\u0106 WASZ\u0104<\/span><\/h2>\n<h4>SPRAWD\u0179 CZY TWOJ TERMIN \u015aLUBU JEST DOST\u0118PNY<\/h4>\n<p>Kinga fotografuje jeden \u015blub w WEEKEND i realizuje maksymalnie 16 \u015blub\u00f3w rocznie.Kliknij na przycisk poni\u017cej aby sprawdzi\u0107, czy KINGA STUDIOS jest dost\u0119pna w dniu Twojego \u015blubu:<\/p>\n<p><span><img decoding=\"async\" alt=\"\" data-id=\"2012\" width=\"521\" height=\"347\" title=\"Book_A_Photography_Consultation_Kinga_Studios_\" src=\"https:\/\/kingastudios.com\/wp-content\/uploads\/2020\/05\/Book_A_Photography_Consultation_Kinga_Studios_.jpg\" data-width=\"521\" data-height=\"347\" data-init-width=\"900\" data-init-height=\"600\" style=\"\" loading=\"lazy\"><\/span><\/p>\n","protected":false},"excerpt":{"rendered":"<p>o mnie &#8211; KINGA STUDIOS _______ Zapraszam do mojej historii&#8230; OPOWIE\u015a\u0106 DO KA\u017bDEJ KOLEKCJIZ ZDJ\u0118\u0106 \u015aLUBNYCH DO\u0141\u0104CZAMY ALBUM GRATIS Album \u015blubny moich rodzic\u00f3w by\u0142 manifestem mojej kariery fotograficznej. Brzmi szalenie, ale tak by\u0142o&#8230;Pobrali si\u0119 w styczniu. W tym okresie, pary nie przywi\u0105zywa\u0142y tak\u0105 warto\u015b\u0107 na zdj\u0119cia \u015blube jak w dniu dzisiejszym. Od fotografa pare otrzyma\u0142y [&hellip;]<\/p>\n","protected":false},"author":5,"featured_media":0,"parent":0,"menu_order":0,"comment_status":"closed","ping_status":"closed","template":"","meta":{"footnotes":""},"class_list":["post-4610","page","type-page","status-publish","hentry","post-wrapper","thrv_wrapper"],"yoast_head":"<!-- This site is optimized with the Yoast SEO plugin v25.4 - https:\/\/yoast.com\/wordpress\/plugins\/seo\/ -->\n<title>Meet Kinga, the award winning Kelowna photographer from Kinga Studios.<\/title>\n<meta name=\"description\" content=\"Details about Kelowna photographer Kinga Studios including biographical information, client testimonials, and why we include an album in our packages.\" class=\"yoast-seo-meta-tag\" \/>\n<meta name=\"robots\" content=\"index, follow, max-snippet:-1, max-image-preview:large, max-video-preview:-1\" \/>\n<link rel=\"canonical\" href=\"https:\/\/kingastudios.com\/pl\/o-mnie\/\" class=\"yoast-seo-meta-tag\" \/>\n<meta property=\"og:locale\" content=\"pl_PL\" class=\"yoast-seo-meta-tag\" \/>\n<meta property=\"og:type\" content=\"article\" class=\"yoast-seo-meta-tag\" \/>\n<meta property=\"og:title\" content=\"Meet Kinga, the award winning Kelowna photographer from Kinga Studios.\" class=\"yoast-seo-meta-tag\" \/>\n<meta property=\"og:description\" content=\"Details about Kelowna photographer Kinga Studios including biographical information, client testimonials, and why we include an album in our packages.\" class=\"yoast-seo-meta-tag\" \/>\n<meta property=\"og:url\" content=\"https:\/\/kingastudios.com\/pl\/o-mnie\" class=\"yoast-seo-meta-tag\" \/>\n<meta property=\"og:site_name\" content=\"Kinga Studios - Wedding Photographer\" class=\"yoast-seo-meta-tag\" \/>\n<meta property=\"article:publisher\" content=\"https:\/\/www.facebook.com\/kingastudios\" class=\"yoast-seo-meta-tag\" \/>\n<meta property=\"article:modified_time\" content=\"2023-02-10T09:40:38+00:00\" class=\"yoast-seo-meta-tag\" \/>\n<meta property=\"og:image\" content=\"https:\/\/kingastudios.com\/wp-content\/uploads\/2020\/06\/Printed_work_KINGA_STUDIOS-scaled.jpg\" class=\"yoast-seo-meta-tag\" \/>\n<meta name=\"twitter:card\" content=\"summary_large_image\" class=\"yoast-seo-meta-tag\" \/>\n<meta name=\"twitter:label1\" content=\"Szacowany czas czytania\" class=\"yoast-seo-meta-tag\" \/>\n\t<meta name=\"twitter:data1\" content=\"6 minut\" class=\"yoast-seo-meta-tag\" \/>\n<script type=\"application\/ld+json\" class=\"yoast-schema-graph\">{\"@context\":\"https:\/\/schema.org\",\"@graph\":[{\"@type\":\"WebPage\",\"@id\":\"https:\/\/kingastudios.com\/pl\/o-mnie\",\"url\":\"https:\/\/kingastudios.com\/pl\/o-mnie\",\"name\":\"Meet Kinga, the award winning Kelowna photographer from Kinga Studios.\",\"isPartOf\":{\"@id\":\"https:\/\/kingastudios.com\/pl\/#website\"},\"primaryImageOfPage\":{\"@id\":\"https:\/\/kingastudios.com\/pl\/o-mnie#primaryimage\"},\"image\":{\"@id\":\"https:\/\/kingastudios.com\/pl\/o-mnie#primaryimage\"},\"thumbnailUrl\":\"https:\/\/kingastudios.com\/wp-content\/uploads\/2020\/06\/Printed_work_KINGA_STUDIOS-scaled.jpg\",\"datePublished\":\"2020-05-14T21:34:42+00:00\",\"dateModified\":\"2023-02-10T09:40:38+00:00\",\"description\":\"Details about Kelowna photographer Kinga Studios including biographical information, client testimonials, and why we include an album in our packages.\",\"breadcrumb\":{\"@id\":\"https:\/\/kingastudios.com\/pl\/o-mnie#breadcrumb\"},\"inLanguage\":\"pl-PL\",\"potentialAction\":[{\"@type\":\"ReadAction\",\"target\":[\"https:\/\/kingastudios.com\/pl\/o-mnie\"]}]},{\"@type\":\"ImageObject\",\"inLanguage\":\"pl-PL\",\"@id\":\"https:\/\/kingastudios.com\/pl\/o-mnie#primaryimage\",\"url\":\"https:\/\/kingastudios.com\/wp-content\/uploads\/2020\/06\/Printed_work_KINGA_STUDIOS-scaled.jpg\",\"contentUrl\":\"https:\/\/kingastudios.com\/wp-content\/uploads\/2020\/06\/Printed_work_KINGA_STUDIOS-scaled.jpg\"},{\"@type\":\"BreadcrumbList\",\"@id\":\"https:\/\/kingastudios.com\/pl\/o-mnie#breadcrumb\",\"itemListElement\":[{\"@type\":\"ListItem\",\"position\":1,\"name\":\"Home\",\"item\":\"https:\/\/kingastudios.com\/pl\/\"},{\"@type\":\"ListItem\",\"position\":2,\"name\":\"O Mnie\"}]},{\"@type\":\"WebSite\",\"@id\":\"https:\/\/kingastudios.com\/pl\/#website\",\"url\":\"https:\/\/kingastudios.com\/pl\/\",\"name\":\"Kinga Studios - Wedding Photographer\",\"description\":\"Photos that capture the moments, emotions, and loved people in your life\",\"publisher\":{\"@id\":\"https:\/\/kingastudios.com\/pl\/#organization\"},\"potentialAction\":[{\"@type\":\"SearchAction\",\"target\":{\"@type\":\"EntryPoint\",\"urlTemplate\":\"https:\/\/kingastudios.com\/pl\/?s={search_term_string}\"},\"query-input\":{\"@type\":\"PropertyValueSpecification\",\"valueRequired\":true,\"valueName\":\"search_term_string\"}}],\"inLanguage\":\"pl-PL\"},{\"@type\":\"Organization\",\"@id\":\"https:\/\/kingastudios.com\/pl\/#organization\",\"name\":\"Kinga Studios\",\"url\":\"https:\/\/kingastudios.com\/pl\/\",\"logo\":{\"@type\":\"ImageObject\",\"inLanguage\":\"pl-PL\",\"@id\":\"https:\/\/kingastudios.com\/pl\/#\/schema\/logo\/image\/\",\"url\":\"https:\/\/kingastudios.com\/wp-content\/uploads\/2017\/11\/KS_Logo_2.png\",\"contentUrl\":\"https:\/\/kingastudios.com\/wp-content\/uploads\/2017\/11\/KS_Logo_2.png\",\"width\":2679,\"height\":2646,\"caption\":\"Kinga Studios\"},\"image\":{\"@id\":\"https:\/\/kingastudios.com\/pl\/#\/schema\/logo\/image\/\"},\"sameAs\":[\"https:\/\/www.facebook.com\/kingastudios\",\"https:\/\/www.instagram.com\/kingastudios\/\",\"https:\/\/www.youtube.com\/channel\/UCYmQ_1AxPtiI0mAqjaETXLg\"]}]}<\/script>\n<!-- \/ Yoast SEO plugin. -->","yoast_head_json":{"title":"Meet Kinga, the award winning Kelowna photographer from Kinga Studios.","description":"Details about Kelowna photographer Kinga Studios including biographical information, client testimonials, and why we include an album in our packages.","robots":{"index":"index","follow":"follow","max-snippet":"max-snippet:-1","max-image-preview":"max-image-preview:large","max-video-preview":"max-video-preview:-1"},"canonical":"https:\/\/kingastudios.com\/pl\/o-mnie\/","og_locale":"pl_PL","og_type":"article","og_title":"Meet Kinga, the award winning Kelowna photographer from Kinga Studios.","og_description":"Details about Kelowna photographer Kinga Studios including biographical information, client testimonials, and why we include an album in our packages.","og_url":"https:\/\/kingastudios.com\/pl\/o-mnie","og_site_name":"Kinga Studios - Wedding Photographer","article_publisher":"https:\/\/www.facebook.com\/kingastudios","article_modified_time":"2023-02-10T09:40:38+00:00","og_image":[{"url":"https:\/\/kingastudios.com\/wp-content\/uploads\/2020\/06\/Printed_work_KINGA_STUDIOS-scaled.jpg","type":"","width":"","height":""}],"twitter_card":"summary_large_image","twitter_misc":{"Szacowany czas czytania":"6 minut"},"schema":{"@context":"https:\/\/schema.org","@graph":[{"@type":"WebPage","@id":"https:\/\/kingastudios.com\/pl\/o-mnie","url":"https:\/\/kingastudios.com\/pl\/o-mnie","name":"Meet Kinga, the award winning Kelowna photographer from Kinga Studios.","isPartOf":{"@id":"https:\/\/kingastudios.com\/pl\/#website"},"primaryImageOfPage":{"@id":"https:\/\/kingastudios.com\/pl\/o-mnie#primaryimage"},"image":{"@id":"https:\/\/kingastudios.com\/pl\/o-mnie#primaryimage"},"thumbnailUrl":"https:\/\/kingastudios.com\/wp-content\/uploads\/2020\/06\/Printed_work_KINGA_STUDIOS-scaled.jpg","datePublished":"2020-05-14T21:34:42+00:00","dateModified":"2023-02-10T09:40:38+00:00","description":"Details about Kelowna photographer Kinga Studios including biographical information, client testimonials, and why we include an album in our packages.","breadcrumb":{"@id":"https:\/\/kingastudios.com\/pl\/o-mnie#breadcrumb"},"inLanguage":"pl-PL","potentialAction":[{"@type":"ReadAction","target":["https:\/\/kingastudios.com\/pl\/o-mnie"]}]},{"@type":"ImageObject","inLanguage":"pl-PL","@id":"https:\/\/kingastudios.com\/pl\/o-mnie#primaryimage","url":"https:\/\/kingastudios.com\/wp-content\/uploads\/2020\/06\/Printed_work_KINGA_STUDIOS-scaled.jpg","contentUrl":"https:\/\/kingastudios.com\/wp-content\/uploads\/2020\/06\/Printed_work_KINGA_STUDIOS-scaled.jpg"},{"@type":"BreadcrumbList","@id":"https:\/\/kingastudios.com\/pl\/o-mnie#breadcrumb","itemListElement":[{"@type":"ListItem","position":1,"name":"Home","item":"https:\/\/kingastudios.com\/pl\/"},{"@type":"ListItem","position":2,"name":"O Mnie"}]},{"@type":"WebSite","@id":"https:\/\/kingastudios.com\/pl\/#website","url":"https:\/\/kingastudios.com\/pl\/","name":"Kinga Studios - Wedding Photographer","description":"Photos that capture the moments, emotions, and loved people in your life","publisher":{"@id":"https:\/\/kingastudios.com\/pl\/#organization"},"potentialAction":[{"@type":"SearchAction","target":{"@type":"EntryPoint","urlTemplate":"https:\/\/kingastudios.com\/pl\/?s={search_term_string}"},"query-input":{"@type":"PropertyValueSpecification","valueRequired":true,"valueName":"search_term_string"}}],"inLanguage":"pl-PL"},{"@type":"Organization","@id":"https:\/\/kingastudios.com\/pl\/#organization","name":"Kinga Studios","url":"https:\/\/kingastudios.com\/pl\/","logo":{"@type":"ImageObject","inLanguage":"pl-PL","@id":"https:\/\/kingastudios.com\/pl\/#\/schema\/logo\/image\/","url":"https:\/\/kingastudios.com\/wp-content\/uploads\/2017\/11\/KS_Logo_2.png","contentUrl":"https:\/\/kingastudios.com\/wp-content\/uploads\/2017\/11\/KS_Logo_2.png","width":2679,"height":2646,"caption":"Kinga Studios"},"image":{"@id":"https:\/\/kingastudios.com\/pl\/#\/schema\/logo\/image\/"},"sameAs":["https:\/\/www.facebook.com\/kingastudios","https:\/\/www.instagram.com\/kingastudios\/","https:\/\/www.youtube.com\/channel\/UCYmQ_1AxPtiI0mAqjaETXLg"]}]}},"_links":{"self":[{"href":"https:\/\/kingastudios.com\/pl\/wp-json\/wp\/v2\/pages\/4610","targetHints":{"allow":["GET"]}}],"collection":[{"href":"https:\/\/kingastudios.com\/pl\/wp-json\/wp\/v2\/pages"}],"about":[{"href":"https:\/\/kingastudios.com\/pl\/wp-json\/wp\/v2\/types\/page"}],"author":[{"embeddable":true,"href":"https:\/\/kingastudios.com\/pl\/wp-json\/wp\/v2\/users\/5"}],"replies":[{"embeddable":true,"href":"https:\/\/kingastudios.com\/pl\/wp-json\/wp\/v2\/comments?post=4610"}],"version-history":[{"count":0,"href":"https:\/\/kingastudios.com\/pl\/wp-json\/wp\/v2\/pages\/4610\/revisions"}],"wp:attachment":[{"href":"https:\/\/kingastudios.com\/pl\/wp-json\/wp\/v2\/media?parent=4610"}],"curies":[{"name":"wp","href":"https:\/\/api.w.org\/{rel}","templated":true}]}}