{"id":4611,"date":"2020-06-05T11:41:39","date_gmt":"2020-06-05T17:41:39","guid":{"rendered":"https:\/\/kingastudios.com\/contact\/"},"modified":"2023-02-10T02:45:30","modified_gmt":"2023-02-10T09:45:30","slug":"contact","status":"publish","type":"page","link":"https:\/\/kingastudios.com\/pl\/kontakt","title":{"rendered":"Kontakt"},"content":{"rendered":"<h2 style=\"text-align: center;\"><strong>SKONTAKTUJ SI\u0118<\/strong><\/h2>\n<p style=\"text-align: center;\">Chcesz um\u00f3wi\u0107 si\u0119 na KONSULTACJ\u0118 \u015aLUBN\u0104 lub ZAR\u0118CZYNOW\u0104.<\/p>\n<p style=\"text-align: center;\">Mo\u017cemy to zrobi\u0107 osobi\u015bcie lub przez Zoom.<\/p>\n<h3><strong>KONTAKT<\/strong><\/h3>\n<ul>\n<li style=\"\"><span><span data-attr-id=\"2\" data-attr-multiline=\"0\" data-extra_key=\"1\" data-option-inline=\"1\" data-shortcode=\"thrive_global_fields\" data-shortcode-name=\"[Company] Address\">Koenigsberger Str. 18, Starnberg, 82319 , Germany<\/span><\/span><\/li>\n<li style=\"\"><span><span data-attr-id=\"5\" data-extra_key=\"1\" data-option-inline=\"1\" data-shortcode=\"thrive_global_fields\" data-shortcode-name=\"[Company] Email address\">kinga@kingastudios.com<\/span><\/span><\/li>\n<li style=\"\"><span><span data-attr-id=\"3\" data-extra_key=\"1\" data-option-inline=\"1\" data-shortcode=\"thrive_global_fields\" data-shortcode-name=\"[Company] Phone number\">(+49) 815-136-868-10<\/span><\/span><\/li>\n<\/ul>\n","protected":false},"excerpt":{"rendered":"<p>SKONTAKTUJ SI\u0118 Chcesz um\u00f3wi\u0107 si\u0119 na KONSULTACJ\u0118 \u015aLUBN\u0104 lub ZAR\u0118CZYNOW\u0104. Mo\u017cemy to zrobi\u0107 osobi\u015bcie lub przez Zoom. KONTAKT Koenigsberger Str. 18, Starnberg, 82319 , Germany kinga@kingastudios.com (+49) 815-136-868-10<\/p>\n","protected":false},"author":5,"featured_media":4386,"parent":0,"menu_order":0,"comment_status":"closed","ping_status":"closed","template":"","meta":{"footnotes":""},"class_list":["post-4611","page","type-page","status-publish","has-post-thumbnail","hentry","post-wrapper","thrv_wrapper"],"yoast_head":"<!-- This site is optimized with the Yoast SEO plugin v25.4 - https:\/\/yoast.com\/wordpress\/plugins\/seo\/ -->\n<title>How To Contact Kinga Studios<\/title>\n<meta name=\"description\" content=\"You can contact KINGA STUDIOS in whatever way that is most convenient for you\" class=\"yoast-seo-meta-tag\" \/>\n<meta name=\"robots\" content=\"index, follow, max-snippet:-1, max-image-preview:large, max-video-preview:-1\" \/>\n<link rel=\"canonical\" href=\"https:\/\/kingastudios.com\/pl\/kontakt\/\" class=\"yoast-seo-meta-tag\" \/>\n<meta property=\"og:locale\" content=\"pl_PL\" class=\"yoast-seo-meta-tag\" \/>\n<meta property=\"og:type\" content=\"article\" class=\"yoast-seo-meta-tag\" \/>\n<meta property=\"og:title\" content=\"How To Contact Kinga Studios\" class=\"yoast-seo-meta-tag\" \/>\n<meta property=\"og:description\" content=\"You can contact KINGA STUDIOS in whatever way that is most convenient for you\" class=\"yoast-seo-meta-tag\" \/>\n<meta property=\"og:url\" content=\"https:\/\/kingastudios.com\/pl\/kontakt\" class=\"yoast-seo-meta-tag\" \/>\n<meta property=\"og:site_name\" content=\"Kinga Studios - Wedding Photographer\" class=\"yoast-seo-meta-tag\" \/>\n<meta property=\"article:publisher\" content=\"https:\/\/www.facebook.com\/kingastudios\" class=\"yoast-seo-meta-tag\" \/>\n<meta property=\"article:modified_time\" content=\"2023-02-10T09:45:30+00:00\" class=\"yoast-seo-meta-tag\" \/>\n<meta property=\"og:image\" content=\"https:\/\/kingastudios.com\/wp-content\/uploads\/2020\/05\/6I8A1728_BW.jpg\" class=\"yoast-seo-meta-tag\" \/>\n\t<meta property=\"og:image:width\" content=\"1600\" class=\"yoast-seo-meta-tag\" \/>\n\t<meta property=\"og:image:height\" content=\"1000\" class=\"yoast-seo-meta-tag\" \/>\n\t<meta property=\"og:image:type\" content=\"image\/jpeg\" class=\"yoast-seo-meta-tag\" \/>\n<meta name=\"twitter:card\" content=\"summary_large_image\" class=\"yoast-seo-meta-tag\" \/>\n<meta name=\"twitter:label1\" content=\"Szacowany czas czytania\" class=\"yoast-seo-meta-tag\" \/>\n\t<meta name=\"twitter:data1\" content=\"1 minuta\" class=\"yoast-seo-meta-tag\" \/>\n<script type=\"application\/ld+json\" class=\"yoast-schema-graph\">{\"@context\":\"https:\/\/schema.org\",\"@graph\":[{\"@type\":\"WebPage\",\"@id\":\"https:\/\/kingastudios.com\/pl\/kontakt\",\"url\":\"https:\/\/kingastudios.com\/pl\/kontakt\",\"name\":\"How To Contact Kinga Studios\",\"isPartOf\":{\"@id\":\"https:\/\/kingastudios.com\/pl\/#website\"},\"primaryImageOfPage\":{\"@id\":\"https:\/\/kingastudios.com\/pl\/kontakt#primaryimage\"},\"image\":{\"@id\":\"https:\/\/kingastudios.com\/pl\/kontakt#primaryimage\"},\"thumbnailUrl\":\"https:\/\/kingastudios.com\/wp-content\/uploads\/2020\/05\/6I8A1728_BW.jpg\",\"datePublished\":\"2020-06-05T17:41:39+00:00\",\"dateModified\":\"2023-02-10T09:45:30+00:00\",\"description\":\"You can contact KINGA STUDIOS in whatever way that is most convenient for you\",\"breadcrumb\":{\"@id\":\"https:\/\/kingastudios.com\/pl\/kontakt#breadcrumb\"},\"inLanguage\":\"pl-PL\",\"potentialAction\":[{\"@type\":\"ReadAction\",\"target\":[\"https:\/\/kingastudios.com\/pl\/kontakt\"]}]},{\"@type\":\"ImageObject\",\"inLanguage\":\"pl-PL\",\"@id\":\"https:\/\/kingastudios.com\/pl\/kontakt#primaryimage\",\"url\":\"https:\/\/kingastudios.com\/wp-content\/uploads\/2020\/05\/6I8A1728_BW.jpg\",\"contentUrl\":\"https:\/\/kingastudios.com\/wp-content\/uploads\/2020\/05\/6I8A1728_BW.jpg\",\"width\":1600,\"height\":1000},{\"@type\":\"BreadcrumbList\",\"@id\":\"https:\/\/kingastudios.com\/pl\/kontakt#breadcrumb\",\"itemListElement\":[{\"@type\":\"ListItem\",\"position\":1,\"name\":\"Home\",\"item\":\"https:\/\/kingastudios.com\/pl\/\"},{\"@type\":\"ListItem\",\"position\":2,\"name\":\"Kontakt\"}]},{\"@type\":\"WebSite\",\"@id\":\"https:\/\/kingastudios.com\/pl\/#website\",\"url\":\"https:\/\/kingastudios.com\/pl\/\",\"name\":\"Kinga Studios - Wedding Photographer\",\"description\":\"Photos that capture the moments, emotions, and loved people in your life\",\"publisher\":{\"@id\":\"https:\/\/kingastudios.com\/pl\/#organization\"},\"potentialAction\":[{\"@type\":\"SearchAction\",\"target\":{\"@type\":\"EntryPoint\",\"urlTemplate\":\"https:\/\/kingastudios.com\/pl\/?s={search_term_string}\"},\"query-input\":{\"@type\":\"PropertyValueSpecification\",\"valueRequired\":true,\"valueName\":\"search_term_string\"}}],\"inLanguage\":\"pl-PL\"},{\"@type\":\"Organization\",\"@id\":\"https:\/\/kingastudios.com\/pl\/#organization\",\"name\":\"Kinga Studios\",\"url\":\"https:\/\/kingastudios.com\/pl\/\",\"logo\":{\"@type\":\"ImageObject\",\"inLanguage\":\"pl-PL\",\"@id\":\"https:\/\/kingastudios.com\/pl\/#\/schema\/logo\/image\/\",\"url\":\"https:\/\/kingastudios.com\/wp-content\/uploads\/2017\/11\/KS_Logo_2.png\",\"contentUrl\":\"https:\/\/kingastudios.com\/wp-content\/uploads\/2017\/11\/KS_Logo_2.png\",\"width\":2679,\"height\":2646,\"caption\":\"Kinga Studios\"},\"image\":{\"@id\":\"https:\/\/kingastudios.com\/pl\/#\/schema\/logo\/image\/\"},\"sameAs\":[\"https:\/\/www.facebook.com\/kingastudios\",\"https:\/\/www.instagram.com\/kingastudios\/\",\"https:\/\/www.youtube.com\/channel\/UCYmQ_1AxPtiI0mAqjaETXLg\"]}]}<\/script>\n<!-- \/ Yoast SEO plugin. -->","yoast_head_json":{"title":"How To Contact Kinga Studios","description":"You can contact KINGA STUDIOS in whatever way that is most convenient for you","robots":{"index":"index","follow":"follow","max-snippet":"max-snippet:-1","max-image-preview":"max-image-preview:large","max-video-preview":"max-video-preview:-1"},"canonical":"https:\/\/kingastudios.com\/pl\/kontakt\/","og_locale":"pl_PL","og_type":"article","og_title":"How To Contact Kinga Studios","og_description":"You can contact KINGA STUDIOS in whatever way that is most convenient for you","og_url":"https:\/\/kingastudios.com\/pl\/kontakt","og_site_name":"Kinga Studios - Wedding Photographer","article_publisher":"https:\/\/www.facebook.com\/kingastudios","article_modified_time":"2023-02-10T09:45:30+00:00","og_image":[{"width":1600,"height":1000,"url":"https:\/\/kingastudios.com\/wp-content\/uploads\/2020\/05\/6I8A1728_BW.jpg","type":"image\/jpeg"}],"twitter_card":"summary_large_image","twitter_misc":{"Szacowany czas czytania":"1 minuta"},"schema":{"@context":"https:\/\/schema.org","@graph":[{"@type":"WebPage","@id":"https:\/\/kingastudios.com\/pl\/kontakt","url":"https:\/\/kingastudios.com\/pl\/kontakt","name":"How To Contact Kinga Studios","isPartOf":{"@id":"https:\/\/kingastudios.com\/pl\/#website"},"primaryImageOfPage":{"@id":"https:\/\/kingastudios.com\/pl\/kontakt#primaryimage"},"image":{"@id":"https:\/\/kingastudios.com\/pl\/kontakt#primaryimage"},"thumbnailUrl":"https:\/\/kingastudios.com\/wp-content\/uploads\/2020\/05\/6I8A1728_BW.jpg","datePublished":"2020-06-05T17:41:39+00:00","dateModified":"2023-02-10T09:45:30+00:00","description":"You can contact KINGA STUDIOS in whatever way that is most convenient for you","breadcrumb":{"@id":"https:\/\/kingastudios.com\/pl\/kontakt#breadcrumb"},"inLanguage":"pl-PL","potentialAction":[{"@type":"ReadAction","target":["https:\/\/kingastudios.com\/pl\/kontakt"]}]},{"@type":"ImageObject","inLanguage":"pl-PL","@id":"https:\/\/kingastudios.com\/pl\/kontakt#primaryimage","url":"https:\/\/kingastudios.com\/wp-content\/uploads\/2020\/05\/6I8A1728_BW.jpg","contentUrl":"https:\/\/kingastudios.com\/wp-content\/uploads\/2020\/05\/6I8A1728_BW.jpg","width":1600,"height":1000},{"@type":"BreadcrumbList","@id":"https:\/\/kingastudios.com\/pl\/kontakt#breadcrumb","itemListElement":[{"@type":"ListItem","position":1,"name":"Home","item":"https:\/\/kingastudios.com\/pl\/"},{"@type":"ListItem","position":2,"name":"Kontakt"}]},{"@type":"WebSite","@id":"https:\/\/kingastudios.com\/pl\/#website","url":"https:\/\/kingastudios.com\/pl\/","name":"Kinga Studios - Wedding Photographer","description":"Photos that capture the moments, emotions, and loved people in your life","publisher":{"@id":"https:\/\/kingastudios.com\/pl\/#organization"},"potentialAction":[{"@type":"SearchAction","target":{"@type":"EntryPoint","urlTemplate":"https:\/\/kingastudios.com\/pl\/?s={search_term_string}"},"query-input":{"@type":"PropertyValueSpecification","valueRequired":true,"valueName":"search_term_string"}}],"inLanguage":"pl-PL"},{"@type":"Organization","@id":"https:\/\/kingastudios.com\/pl\/#organization","name":"Kinga Studios","url":"https:\/\/kingastudios.com\/pl\/","logo":{"@type":"ImageObject","inLanguage":"pl-PL","@id":"https:\/\/kingastudios.com\/pl\/#\/schema\/logo\/image\/","url":"https:\/\/kingastudios.com\/wp-content\/uploads\/2017\/11\/KS_Logo_2.png","contentUrl":"https:\/\/kingastudios.com\/wp-content\/uploads\/2017\/11\/KS_Logo_2.png","width":2679,"height":2646,"caption":"Kinga Studios"},"image":{"@id":"https:\/\/kingastudios.com\/pl\/#\/schema\/logo\/image\/"},"sameAs":["https:\/\/www.facebook.com\/kingastudios","https:\/\/www.instagram.com\/kingastudios\/","https:\/\/www.youtube.com\/channel\/UCYmQ_1AxPtiI0mAqjaETXLg"]}]}},"_links":{"self":[{"href":"https:\/\/kingastudios.com\/pl\/wp-json\/wp\/v2\/pages\/4611","targetHints":{"allow":["GET"]}}],"collection":[{"href":"https:\/\/kingastudios.com\/pl\/wp-json\/wp\/v2\/pages"}],"about":[{"href":"https:\/\/kingastudios.com\/pl\/wp-json\/wp\/v2\/types\/page"}],"author":[{"embeddable":true,"href":"https:\/\/kingastudios.com\/pl\/wp-json\/wp\/v2\/users\/5"}],"replies":[{"embeddable":true,"href":"https:\/\/kingastudios.com\/pl\/wp-json\/wp\/v2\/comments?post=4611"}],"version-history":[{"count":0,"href":"https:\/\/kingastudios.com\/pl\/wp-json\/wp\/v2\/pages\/4611\/revisions"}],"wp:featuredmedia":[{"embeddable":true,"href":"https:\/\/kingastudios.com\/pl\/wp-json\/wp\/v2\/media\/4386"}],"wp:attachment":[{"href":"https:\/\/kingastudios.com\/pl\/wp-json\/wp\/v2\/media?parent=4611"}],"curies":[{"name":"wp","href":"https:\/\/api.w.org\/{rel}","templated":true}]}}